{"id":4970,"date":"2021-01-04T12:33:48","date_gmt":"2021-01-04T12:33:48","guid":{"rendered":"http:\/\/novacademia.wiinga.pt\/user-account\/"},"modified":"2025-03-20T09:56:39","modified_gmt":"2025-03-20T08:56:39","slug":"user-account","status":"publish","type":"page","link":"https:\/\/novacademia.co.ao\/cursos\/user-account\/","title":{"rendered":"\u00c1rea de Utilizador"},"content":{"rendered":"","protected":false},"excerpt":{"rendered":"","protected":false},"author":1,"featured_media":0,"parent":0,"menu_order":0,"comment_status":"closed","ping_status":"closed","template":"","meta":{"pmpro_default_level":"","footnotes":""},"class_list":["post-4970","page","type-page","status-publish","hentry","pmpro-has-access"],"yoast_head":"<!-- This site is optimized with the Yoast SEO plugin v26.9 - https:\/\/yoast.com\/product\/yoast-seo-wordpress\/ -->\n<title>\u00c1rea de Utilizador - NOVACADEMIA<\/title>\n<meta name=\"description\" content=\"Crie uma conta agora e aproveite todos os cursos dispon\u00edveis. J\u00e1 tem uma conta na plataforma? Fa\u00e7a login agora. Entrar\" \/>\n<meta name=\"robots\" content=\"index, follow, max-snippet:-1, max-image-preview:large, max-video-preview:-1\" \/>\n<link rel=\"canonical\" href=\"https:\/\/novacademia.co.ao\/cursos\/user-account\/\" \/>\n<meta property=\"og:locale\" content=\"pt_PT\" \/>\n<meta property=\"og:type\" content=\"article\" \/>\n<meta property=\"og:title\" content=\"\u00c1rea de Utilizador - NOVACADEMIA\" \/>\n<meta property=\"og:description\" content=\"Crie uma conta agora e aproveite todos os cursos dispon\u00edveis. J\u00e1 tem uma conta na plataforma? Fa\u00e7a login agora. Entrar\" \/>\n<meta property=\"og:url\" content=\"https:\/\/novacademia.co.ao\/cursos\/user-account\/\" \/>\n<meta property=\"og:site_name\" content=\"NOVACADEMIA\" \/>\n<meta property=\"article:modified_time\" content=\"2025-03-20T08:56:39+00:00\" \/>\n<meta name=\"twitter:card\" content=\"summary_large_image\" \/>\n<script type=\"application\/ld+json\" class=\"yoast-schema-graph\">{\"@context\":\"https:\/\/schema.org\",\"@graph\":[{\"@type\":\"WebPage\",\"@id\":\"https:\/\/novacademia.co.ao\/cursos\/user-account\/\",\"url\":\"https:\/\/novacademia.co.ao\/cursos\/user-account\/\",\"name\":\"\u00c1rea de Utilizador - NOVACADEMIA\",\"isPartOf\":{\"@id\":\"https:\/\/novacademia.co.ao\/cursos\/#website\"},\"datePublished\":\"2021-01-04T12:33:48+00:00\",\"dateModified\":\"2025-03-20T08:56:39+00:00\",\"description\":\"Crie uma conta agora e aproveite todos os cursos dispon\u00edveis. J\u00e1 tem uma conta na plataforma? Fa\u00e7a login agora. Entrar\",\"breadcrumb\":{\"@id\":\"https:\/\/novacademia.co.ao\/cursos\/user-account\/#breadcrumb\"},\"inLanguage\":\"pt-PT\",\"potentialAction\":[{\"@type\":\"ReadAction\",\"target\":[\"https:\/\/novacademia.co.ao\/cursos\/user-account\/\"]}]},{\"@type\":\"BreadcrumbList\",\"@id\":\"https:\/\/novacademia.co.ao\/cursos\/user-account\/#breadcrumb\",\"itemListElement\":[{\"@type\":\"ListItem\",\"position\":1,\"name\":\"In\u00edcio\",\"item\":\"https:\/\/novacademia.co.ao\/cursos\/\"},{\"@type\":\"ListItem\",\"position\":2,\"name\":\"\u00c1rea de Utilizador\"}]},{\"@type\":\"WebSite\",\"@id\":\"https:\/\/novacademia.co.ao\/cursos\/#website\",\"url\":\"https:\/\/novacademia.co.ao\/cursos\/\",\"name\":\"novacademia\",\"description\":\"Plataforma Digital Corporativa dedicado \u00e0 Forma\u00e7\u00e3o T\u00e9cnica e Profissional em Vendas\",\"publisher\":{\"@id\":\"https:\/\/novacademia.co.ao\/cursos\/#organization\"},\"potentialAction\":[{\"@type\":\"SearchAction\",\"target\":{\"@type\":\"EntryPoint\",\"urlTemplate\":\"https:\/\/novacademia.co.ao\/cursos\/?s={search_term_string}\"},\"query-input\":{\"@type\":\"PropertyValueSpecification\",\"valueRequired\":true,\"valueName\":\"search_term_string\"}}],\"inLanguage\":\"pt-PT\"},{\"@type\":\"Organization\",\"@id\":\"https:\/\/novacademia.co.ao\/cursos\/#organization\",\"name\":\"novacademia\",\"url\":\"https:\/\/novacademia.co.ao\/cursos\/\",\"logo\":{\"@type\":\"ImageObject\",\"inLanguage\":\"pt-PT\",\"@id\":\"https:\/\/novacademia.co.ao\/cursos\/#\/schema\/logo\/image\/\",\"url\":\"https:\/\/novacademia.co.ao\/cursos\/wp-content\/uploads\/2024\/06\/logoemail-471x96.png\",\"contentUrl\":\"https:\/\/novacademia.co.ao\/cursos\/wp-content\/uploads\/2024\/06\/logoemail-471x96.png\",\"width\":476,\"height\":97,\"caption\":\"novacademia\"},\"image\":{\"@id\":\"https:\/\/novacademia.co.ao\/cursos\/#\/schema\/logo\/image\/\"}}]}<\/script>\n<!-- \/ Yoast SEO plugin. -->","yoast_head_json":{"title":"\u00c1rea de Utilizador - NOVACADEMIA","description":"Crie uma conta agora e aproveite todos os cursos dispon\u00edveis. J\u00e1 tem uma conta na plataforma? Fa\u00e7a login agora. Entrar","robots":{"index":"index","follow":"follow","max-snippet":"max-snippet:-1","max-image-preview":"max-image-preview:large","max-video-preview":"max-video-preview:-1"},"canonical":"https:\/\/novacademia.co.ao\/cursos\/user-account\/","og_locale":"pt_PT","og_type":"article","og_title":"\u00c1rea de Utilizador - NOVACADEMIA","og_description":"Crie uma conta agora e aproveite todos os cursos dispon\u00edveis. J\u00e1 tem uma conta na plataforma? Fa\u00e7a login agora. Entrar","og_url":"https:\/\/novacademia.co.ao\/cursos\/user-account\/","og_site_name":"NOVACADEMIA","article_modified_time":"2025-03-20T08:56:39+00:00","twitter_card":"summary_large_image","schema":{"@context":"https:\/\/schema.org","@graph":[{"@type":"WebPage","@id":"https:\/\/novacademia.co.ao\/cursos\/user-account\/","url":"https:\/\/novacademia.co.ao\/cursos\/user-account\/","name":"\u00c1rea de Utilizador - NOVACADEMIA","isPartOf":{"@id":"https:\/\/novacademia.co.ao\/cursos\/#website"},"datePublished":"2021-01-04T12:33:48+00:00","dateModified":"2025-03-20T08:56:39+00:00","description":"Crie uma conta agora e aproveite todos os cursos dispon\u00edveis. J\u00e1 tem uma conta na plataforma? Fa\u00e7a login agora. Entrar","breadcrumb":{"@id":"https:\/\/novacademia.co.ao\/cursos\/user-account\/#breadcrumb"},"inLanguage":"pt-PT","potentialAction":[{"@type":"ReadAction","target":["https:\/\/novacademia.co.ao\/cursos\/user-account\/"]}]},{"@type":"BreadcrumbList","@id":"https:\/\/novacademia.co.ao\/cursos\/user-account\/#breadcrumb","itemListElement":[{"@type":"ListItem","position":1,"name":"In\u00edcio","item":"https:\/\/novacademia.co.ao\/cursos\/"},{"@type":"ListItem","position":2,"name":"\u00c1rea de Utilizador"}]},{"@type":"WebSite","@id":"https:\/\/novacademia.co.ao\/cursos\/#website","url":"https:\/\/novacademia.co.ao\/cursos\/","name":"novacademia","description":"Plataforma Digital Corporativa dedicado \u00e0 Forma\u00e7\u00e3o T\u00e9cnica e Profissional em Vendas","publisher":{"@id":"https:\/\/novacademia.co.ao\/cursos\/#organization"},"potentialAction":[{"@type":"SearchAction","target":{"@type":"EntryPoint","urlTemplate":"https:\/\/novacademia.co.ao\/cursos\/?s={search_term_string}"},"query-input":{"@type":"PropertyValueSpecification","valueRequired":true,"valueName":"search_term_string"}}],"inLanguage":"pt-PT"},{"@type":"Organization","@id":"https:\/\/novacademia.co.ao\/cursos\/#organization","name":"novacademia","url":"https:\/\/novacademia.co.ao\/cursos\/","logo":{"@type":"ImageObject","inLanguage":"pt-PT","@id":"https:\/\/novacademia.co.ao\/cursos\/#\/schema\/logo\/image\/","url":"https:\/\/novacademia.co.ao\/cursos\/wp-content\/uploads\/2024\/06\/logoemail-471x96.png","contentUrl":"https:\/\/novacademia.co.ao\/cursos\/wp-content\/uploads\/2024\/06\/logoemail-471x96.png","width":476,"height":97,"caption":"novacademia"},"image":{"@id":"https:\/\/novacademia.co.ao\/cursos\/#\/schema\/logo\/image\/"}}]}},"_links":{"self":[{"href":"https:\/\/novacademia.co.ao\/cursos\/wp-json\/wp\/v2\/pages\/4970","targetHints":{"allow":["GET"]}}],"collection":[{"href":"https:\/\/novacademia.co.ao\/cursos\/wp-json\/wp\/v2\/pages"}],"about":[{"href":"https:\/\/novacademia.co.ao\/cursos\/wp-json\/wp\/v2\/types\/page"}],"author":[{"embeddable":true,"href":"https:\/\/novacademia.co.ao\/cursos\/wp-json\/wp\/v2\/users\/1"}],"replies":[{"embeddable":true,"href":"https:\/\/novacademia.co.ao\/cursos\/wp-json\/wp\/v2\/comments?post=4970"}],"version-history":[{"count":1,"href":"https:\/\/novacademia.co.ao\/cursos\/wp-json\/wp\/v2\/pages\/4970\/revisions"}],"predecessor-version":[{"id":6408,"href":"https:\/\/novacademia.co.ao\/cursos\/wp-json\/wp\/v2\/pages\/4970\/revisions\/6408"}],"wp:attachment":[{"href":"https:\/\/novacademia.co.ao\/cursos\/wp-json\/wp\/v2\/media?parent=4970"}],"curies":[{"name":"wp","href":"https:\/\/api.w.org\/{rel}","templated":true}]}}