{"id":6772,"date":"2024-10-31T09:14:51","date_gmt":"2024-10-31T09:14:51","guid":{"rendered":"https:\/\/novacademia.co.ao\/cursos\/?post_type=product&#038;p=6772"},"modified":"2026-02-02T08:46:08","modified_gmt":"2026-02-02T07:46:08","slug":"livro","status":"publish","type":"product","link":"https:\/\/novacademia.co.ao\/cursos\/produto\/livro\/","title":{"rendered":"O livro angolano de empreendedorismo mais vendido nos \u00faltimos\u00a05\u00a0anos"},"content":{"rendered":"<h2><img decoding=\"async\" class=\" wp-image-7092 alignleft\" src=\"https:\/\/novacademia.co.ao\/cursos\/wp-content\/uploads\/2024\/10\/fast-delivery_12240020-e1734018033781-300x183.png\" alt=\"\" width=\"50\" height=\"31\" \/>Entrega gr\u00e1tis<\/h2>\n<p>&nbsp;<\/p>\n<p>Receba o seu livro em casa, sem custos adicionais!<\/p>\n<p>O pre\u00e7o do livro inclui entrega ao domic\u00edlio na Prov\u00edncia de Luanda, com um prazo de entrega de at\u00e9 3 dias \u00fateis.<\/p>\n<p>Para mais informa\u00e7\u00f5es ou esclarecimentos, n\u00e3o hesite em contactar-nos atrav\u00e9s dos nossos contactos comerciais:<\/p>\n<p>\ud83d\udcde Telefone: 932 229 092 (De Segunda a Sexta das 8:30h \u00e0s 18:00h)<br \/>\nWhatsApp: 949 957 002<br \/>\n\ud83d\udce7 Email: comercial@novacademia.co.ao<\/p>\n","protected":false},"excerpt":{"rendered":"<p><strong>Um Guia Pr\u00e1tico para Evitar Frustra\u00e7\u00f5es no Empreendedorismo<\/strong><\/p>\n<p>Este livro \u00e9 um manual essencial para qualquer empreendedor. Repleto de exemplos pr\u00e1ticos, ajudar\u00e1 a evitar frustra\u00e7\u00f5es e dores desnecess\u00e1rias, oferecendo ferramentas valiosas para criar uma empresa s\u00f3lida e sustent\u00e1vel.<\/p>\n","protected":false},"featured_media":6787,"comment_status":"closed","ping_status":"closed","template":"","meta":{"pmpro_default_level":""},"product_brand":[],"product_cat":[154],"product_tag":[],"class_list":{"0":"post-6772","1":"product","2":"type-product","3":"status-publish","4":"has-post-thumbnail","6":"product_cat-livro","7":"pmpro-has-access","9":"first","10":"instock","11":"shipping-taxable","12":"purchasable","13":"product-type-simple"},"yoast_head":"<!-- This site is optimized with the Yoast SEO plugin v26.9 - https:\/\/yoast.com\/product\/yoast-seo-wordpress\/ -->\n<title>O livro angolano de empreendedorismo mais vendido nos \u00faltimos\u00a05\u00a0anos<\/title>\n<meta name=\"description\" content=\"Pedro Bernardo, autor de \u201cO Lado Oculto do Empreendedorismo\u201d, acredita que o verdadeiro motivo para o fracasso prematuro das empresas est\u00e1 na forma como s\u00e3o criadas, n\u00e3o na falta de sorte ou recursos.\" \/>\n<meta name=\"robots\" content=\"index, follow, max-snippet:-1, max-image-preview:large, max-video-preview:-1\" \/>\n<link rel=\"canonical\" href=\"https:\/\/novacademia.co.ao\/cursos\/produto\/livro\/\" \/>\n<meta property=\"og:locale\" content=\"pt_PT\" \/>\n<meta property=\"og:type\" content=\"article\" \/>\n<meta property=\"og:title\" content=\"O livro angolano de empreendedorismo mais vendido nos \u00faltimos\u00a05\u00a0anos\" \/>\n<meta property=\"og:description\" content=\"Pedro Bernardo, autor de \u201cO Lado Oculto do Empreendedorismo\u201d, acredita que o verdadeiro motivo para o fracasso prematuro das empresas est\u00e1 na forma como s\u00e3o criadas, n\u00e3o na falta de sorte ou recursos.\" \/>\n<meta property=\"og:url\" content=\"https:\/\/novacademia.co.ao\/cursos\/produto\/livro\/\" \/>\n<meta property=\"og:site_name\" content=\"NOVACADEMIA\" \/>\n<meta property=\"article:modified_time\" content=\"2026-02-02T07:46:08+00:00\" \/>\n<meta property=\"og:image\" content=\"https:\/\/novacademia.co.ao\/cursos\/wp-content\/uploads\/2024\/10\/PERSPECT_4.jpg\" \/>\n\t<meta property=\"og:image:width\" content=\"1024\" \/>\n\t<meta property=\"og:image:height\" content=\"853\" \/>\n\t<meta property=\"og:image:type\" content=\"image\/jpeg\" \/>\n<meta name=\"twitter:card\" content=\"summary_large_image\" \/>\n<meta name=\"twitter:label1\" content=\"Tempo estimado de leitura\" \/>\n\t<meta name=\"twitter:data1\" content=\"1 minuto\" \/>\n<script type=\"application\/ld+json\" class=\"yoast-schema-graph\">{\"@context\":\"https:\/\/schema.org\",\"@graph\":[{\"@type\":\"WebPage\",\"@id\":\"https:\/\/novacademia.co.ao\/cursos\/produto\/livro\/\",\"url\":\"https:\/\/novacademia.co.ao\/cursos\/produto\/livro\/\",\"name\":\"O livro angolano de empreendedorismo mais vendido nos \u00faltimos\u00a05\u00a0anos\",\"isPartOf\":{\"@id\":\"https:\/\/novacademia.co.ao\/cursos\/#website\"},\"primaryImageOfPage\":{\"@id\":\"https:\/\/novacademia.co.ao\/cursos\/produto\/livro\/#primaryimage\"},\"image\":{\"@id\":\"https:\/\/novacademia.co.ao\/cursos\/produto\/livro\/#primaryimage\"},\"thumbnailUrl\":\"https:\/\/novacademia.co.ao\/cursos\/wp-content\/uploads\/2024\/10\/PERSPECT_4.jpg\",\"datePublished\":\"2024-10-31T09:14:51+00:00\",\"dateModified\":\"2026-02-02T07:46:08+00:00\",\"description\":\"Pedro Bernardo, autor de \u201cO Lado Oculto do Empreendedorismo\u201d, acredita que o verdadeiro motivo para o fracasso prematuro das empresas est\u00e1 na forma como s\u00e3o criadas, n\u00e3o na falta de sorte ou recursos.\",\"breadcrumb\":{\"@id\":\"https:\/\/novacademia.co.ao\/cursos\/produto\/livro\/#breadcrumb\"},\"inLanguage\":\"pt-PT\",\"potentialAction\":[{\"@type\":\"ReadAction\",\"target\":[\"https:\/\/novacademia.co.ao\/cursos\/produto\/livro\/\"]}]},{\"@type\":\"ImageObject\",\"inLanguage\":\"pt-PT\",\"@id\":\"https:\/\/novacademia.co.ao\/cursos\/produto\/livro\/#primaryimage\",\"url\":\"https:\/\/novacademia.co.ao\/cursos\/wp-content\/uploads\/2024\/10\/PERSPECT_4.jpg\",\"contentUrl\":\"https:\/\/novacademia.co.ao\/cursos\/wp-content\/uploads\/2024\/10\/PERSPECT_4.jpg\",\"width\":1024,\"height\":853},{\"@type\":\"BreadcrumbList\",\"@id\":\"https:\/\/novacademia.co.ao\/cursos\/produto\/livro\/#breadcrumb\",\"itemListElement\":[{\"@type\":\"ListItem\",\"position\":1,\"name\":\"In\u00edcio\",\"item\":\"https:\/\/novacademia.co.ao\/cursos\/\"},{\"@type\":\"ListItem\",\"position\":2,\"name\":\"Shop\",\"item\":\"https:\/\/novacademia.co.ao\/cursos\/shop\/\"},{\"@type\":\"ListItem\",\"position\":3,\"name\":\"O livro angolano de empreendedorismo mais vendido nos \u00faltimos\u00a05\u00a0anos\"}]},{\"@type\":\"WebSite\",\"@id\":\"https:\/\/novacademia.co.ao\/cursos\/#website\",\"url\":\"https:\/\/novacademia.co.ao\/cursos\/\",\"name\":\"novacademia\",\"description\":\"Plataforma Digital Corporativa dedicado \u00e0 Forma\u00e7\u00e3o T\u00e9cnica e Profissional em Vendas\",\"publisher\":{\"@id\":\"https:\/\/novacademia.co.ao\/cursos\/#organization\"},\"potentialAction\":[{\"@type\":\"SearchAction\",\"target\":{\"@type\":\"EntryPoint\",\"urlTemplate\":\"https:\/\/novacademia.co.ao\/cursos\/?s={search_term_string}\"},\"query-input\":{\"@type\":\"PropertyValueSpecification\",\"valueRequired\":true,\"valueName\":\"search_term_string\"}}],\"inLanguage\":\"pt-PT\"},{\"@type\":\"Organization\",\"@id\":\"https:\/\/novacademia.co.ao\/cursos\/#organization\",\"name\":\"novacademia\",\"url\":\"https:\/\/novacademia.co.ao\/cursos\/\",\"logo\":{\"@type\":\"ImageObject\",\"inLanguage\":\"pt-PT\",\"@id\":\"https:\/\/novacademia.co.ao\/cursos\/#\/schema\/logo\/image\/\",\"url\":\"https:\/\/novacademia.co.ao\/cursos\/wp-content\/uploads\/2024\/06\/logoemail-471x96.png\",\"contentUrl\":\"https:\/\/novacademia.co.ao\/cursos\/wp-content\/uploads\/2024\/06\/logoemail-471x96.png\",\"width\":476,\"height\":97,\"caption\":\"novacademia\"},\"image\":{\"@id\":\"https:\/\/novacademia.co.ao\/cursos\/#\/schema\/logo\/image\/\"}}]}<\/script>\n<!-- \/ Yoast SEO plugin. -->","yoast_head_json":{"title":"O livro angolano de empreendedorismo mais vendido nos \u00faltimos\u00a05\u00a0anos","description":"Pedro Bernardo, autor de \u201cO Lado Oculto do Empreendedorismo\u201d, acredita que o verdadeiro motivo para o fracasso prematuro das empresas est\u00e1 na forma como s\u00e3o criadas, n\u00e3o na falta de sorte ou recursos.","robots":{"index":"index","follow":"follow","max-snippet":"max-snippet:-1","max-image-preview":"max-image-preview:large","max-video-preview":"max-video-preview:-1"},"canonical":"https:\/\/novacademia.co.ao\/cursos\/produto\/livro\/","og_locale":"pt_PT","og_type":"article","og_title":"O livro angolano de empreendedorismo mais vendido nos \u00faltimos\u00a05\u00a0anos","og_description":"Pedro Bernardo, autor de \u201cO Lado Oculto do Empreendedorismo\u201d, acredita que o verdadeiro motivo para o fracasso prematuro das empresas est\u00e1 na forma como s\u00e3o criadas, n\u00e3o na falta de sorte ou recursos.","og_url":"https:\/\/novacademia.co.ao\/cursos\/produto\/livro\/","og_site_name":"NOVACADEMIA","article_modified_time":"2026-02-02T07:46:08+00:00","og_image":[{"width":1024,"height":853,"url":"https:\/\/novacademia.co.ao\/cursos\/wp-content\/uploads\/2024\/10\/PERSPECT_4.jpg","type":"image\/jpeg"}],"twitter_card":"summary_large_image","twitter_misc":{"Tempo estimado de leitura":"1 minuto"},"schema":{"@context":"https:\/\/schema.org","@graph":[{"@type":"WebPage","@id":"https:\/\/novacademia.co.ao\/cursos\/produto\/livro\/","url":"https:\/\/novacademia.co.ao\/cursos\/produto\/livro\/","name":"O livro angolano de empreendedorismo mais vendido nos \u00faltimos\u00a05\u00a0anos","isPartOf":{"@id":"https:\/\/novacademia.co.ao\/cursos\/#website"},"primaryImageOfPage":{"@id":"https:\/\/novacademia.co.ao\/cursos\/produto\/livro\/#primaryimage"},"image":{"@id":"https:\/\/novacademia.co.ao\/cursos\/produto\/livro\/#primaryimage"},"thumbnailUrl":"https:\/\/novacademia.co.ao\/cursos\/wp-content\/uploads\/2024\/10\/PERSPECT_4.jpg","datePublished":"2024-10-31T09:14:51+00:00","dateModified":"2026-02-02T07:46:08+00:00","description":"Pedro Bernardo, autor de \u201cO Lado Oculto do Empreendedorismo\u201d, acredita que o verdadeiro motivo para o fracasso prematuro das empresas est\u00e1 na forma como s\u00e3o criadas, n\u00e3o na falta de sorte ou recursos.","breadcrumb":{"@id":"https:\/\/novacademia.co.ao\/cursos\/produto\/livro\/#breadcrumb"},"inLanguage":"pt-PT","potentialAction":[{"@type":"ReadAction","target":["https:\/\/novacademia.co.ao\/cursos\/produto\/livro\/"]}]},{"@type":"ImageObject","inLanguage":"pt-PT","@id":"https:\/\/novacademia.co.ao\/cursos\/produto\/livro\/#primaryimage","url":"https:\/\/novacademia.co.ao\/cursos\/wp-content\/uploads\/2024\/10\/PERSPECT_4.jpg","contentUrl":"https:\/\/novacademia.co.ao\/cursos\/wp-content\/uploads\/2024\/10\/PERSPECT_4.jpg","width":1024,"height":853},{"@type":"BreadcrumbList","@id":"https:\/\/novacademia.co.ao\/cursos\/produto\/livro\/#breadcrumb","itemListElement":[{"@type":"ListItem","position":1,"name":"In\u00edcio","item":"https:\/\/novacademia.co.ao\/cursos\/"},{"@type":"ListItem","position":2,"name":"Shop","item":"https:\/\/novacademia.co.ao\/cursos\/shop\/"},{"@type":"ListItem","position":3,"name":"O livro angolano de empreendedorismo mais vendido nos \u00faltimos\u00a05\u00a0anos"}]},{"@type":"WebSite","@id":"https:\/\/novacademia.co.ao\/cursos\/#website","url":"https:\/\/novacademia.co.ao\/cursos\/","name":"novacademia","description":"Plataforma Digital Corporativa dedicado \u00e0 Forma\u00e7\u00e3o T\u00e9cnica e Profissional em Vendas","publisher":{"@id":"https:\/\/novacademia.co.ao\/cursos\/#organization"},"potentialAction":[{"@type":"SearchAction","target":{"@type":"EntryPoint","urlTemplate":"https:\/\/novacademia.co.ao\/cursos\/?s={search_term_string}"},"query-input":{"@type":"PropertyValueSpecification","valueRequired":true,"valueName":"search_term_string"}}],"inLanguage":"pt-PT"},{"@type":"Organization","@id":"https:\/\/novacademia.co.ao\/cursos\/#organization","name":"novacademia","url":"https:\/\/novacademia.co.ao\/cursos\/","logo":{"@type":"ImageObject","inLanguage":"pt-PT","@id":"https:\/\/novacademia.co.ao\/cursos\/#\/schema\/logo\/image\/","url":"https:\/\/novacademia.co.ao\/cursos\/wp-content\/uploads\/2024\/06\/logoemail-471x96.png","contentUrl":"https:\/\/novacademia.co.ao\/cursos\/wp-content\/uploads\/2024\/06\/logoemail-471x96.png","width":476,"height":97,"caption":"novacademia"},"image":{"@id":"https:\/\/novacademia.co.ao\/cursos\/#\/schema\/logo\/image\/"}}]}},"_links":{"self":[{"href":"https:\/\/novacademia.co.ao\/cursos\/wp-json\/wp\/v2\/product\/6772","targetHints":{"allow":["GET"]}}],"collection":[{"href":"https:\/\/novacademia.co.ao\/cursos\/wp-json\/wp\/v2\/product"}],"about":[{"href":"https:\/\/novacademia.co.ao\/cursos\/wp-json\/wp\/v2\/types\/product"}],"replies":[{"embeddable":true,"href":"https:\/\/novacademia.co.ao\/cursos\/wp-json\/wp\/v2\/comments?post=6772"}],"wp:featuredmedia":[{"embeddable":true,"href":"https:\/\/novacademia.co.ao\/cursos\/wp-json\/wp\/v2\/media\/6787"}],"wp:attachment":[{"href":"https:\/\/novacademia.co.ao\/cursos\/wp-json\/wp\/v2\/media?parent=6772"}],"wp:term":[{"taxonomy":"product_brand","embeddable":true,"href":"https:\/\/novacademia.co.ao\/cursos\/wp-json\/wp\/v2\/product_brand?post=6772"},{"taxonomy":"product_cat","embeddable":true,"href":"https:\/\/novacademia.co.ao\/cursos\/wp-json\/wp\/v2\/product_cat?post=6772"},{"taxonomy":"product_tag","embeddable":true,"href":"https:\/\/novacademia.co.ao\/cursos\/wp-json\/wp\/v2\/product_tag?post=6772"}],"curies":[{"name":"wp","href":"https:\/\/api.w.org\/{rel}","templated":true}]}}